{"id":540,"date":"2025-01-31T11:12:26","date_gmt":"2025-01-31T10:12:26","guid":{"rendered":"https:\/\/testarea.schimm.net\/?page_id=540"},"modified":"2026-04-06T12:19:41","modified_gmt":"2026-04-06T10:19:41","slug":"oberbehaelter","status":"publish","type":"page","link":"http:\/\/testarea.schimm.net\/en\/oberbehaelter\/","title":{"rendered":"Suction cups"},"content":{"rendered":"<div class=\"et_pb_section_0 et_pb_section et_section_regular et_block_section\"><\/div>\n\n<div class=\"et_pb_section_1 et_pb_section et_section_regular et_block_section\">\n<div class=\"et_pb_row_0 et_pb_row et_block_row\">\n<div class=\"et_pb_column_0 et_pb_column et_pb_column_4_4 et-last-child et_block_column et_pb_css_mix_blend_mode_passthrough\">\n<div class=\"et_pb_text_0 et_pb_text et_pb_bg_layout_light et_pb_module et_block_module\"><div class=\"et_pb_text_inner\"><h2><strong>IBK \u2013 Suction cups<\/strong><\/h2>\n<p><strong>Reliable feeding and precise conveyance \u2013 for optimal material handling<\/strong><\/p>\n<\/div><\/div>\n\n<div class=\"et_pb_text_1 et_pb_text et_pb_bg_layout_light et_pb_module et_block_module\"><div class=\"et_pb_text_inner\"><p>Our stainless steel or plastic upper tanks offer a reliable and flexible solution for the safe storage and conveyance of materials. With capacities ranging from 6 to 30 litres, they are ideally suited to a wide variety of applications and impress with their high durability and ease of use. Thanks to the self-closing valve, frequent colour changes in particular can be carried out easily and without dripping. Container models with integrated agitators or 2K adsorption dryers are available as standard.<\/p>\n<p>Whether for paints and varnishes or other liquids \u2013 thanks to robust materials and a well-designed construction, our top tanks ensure a consistent flow whilst offering excellent user-friendliness. Efficient, durable and adaptable \u2013 the perfect choice for your needs.<\/p>\n<p>The range is complemented by our drip pans, available in various sizes and custom-made to your specifications. Heating jackets and drum heaters are available on request.<\/p>\n<\/div><\/div>\n<\/div>\n<\/div>\n\n<div class=\"et_pb_row_1 et_pb_row et_block_row\">\n<div class=\"et_pb_column_1 et_pb_column et_pb_column_4_4 et-last-child et_block_column et_pb_css_mix_blend_mode_passthrough\">\n\n\n\n<div class=\"et_pb_module et_d4_element dmpro_carousel dmpro_carousel_0\">\n\t\t\t\t\n\t\t\t\t\n\t\t\t\t\n\t\t\t\t\n\t\t\t\t\n\t\t\t\t\n\t\t\t\t<div class=\"et_pb_module_inner\">\n\t\t\t\t\t<style><\/style>\n            <div class=\"dmpro-carousel-main\" aria-roledescription=\"carousel\" data-columnsdesktop='4' data-columnstablet='2' data-columnsphone='1' data-spacebetween='30' data-spacebetween_tablet='30' data-spacebetween_phone='30' data-loop='on' data-speed='500' data-navigation='off' data-pagination='on' data-autoplay='on' data-autoplayspeed='2000' data-pauseonhover='on' data-effect='slide' data-rotate='50' data-dynamicbullets='on' data-ordernumber='0' data-centered='off' data-shadow='true' data-a11y-prevslidemessage='Previous slide' data-a11y-nextslidemessage='Next slide' data-a11y-firstslidemessage='This is the first slide' data-a11y-lastslidemessage='This is the last slide' data-a11y-paginationbulletmessage='Go to slide {{index}}' data-a11y-slidelabelmessage='{{index}} \/ {{slidesLength}}'>\n\t\t\t\t\n                <div class=\"swiper swiper-dmpro-container\">\n                    <div class=\"swiper-wrapper dmpro-carousel-wrapper\">\n                        <div class=\"et_pb_module et_d4_element dmpro_carousel_child dmpro_carousel_child_0\">\n\t\t\t\t\n\t\t\t\t\n\t\t\t\t\n\t\t\t\t\n\t\t\t\t\n\t\t\t\t\n\t\t\t\t<div class=\"et_pb_module_inner\">\n\t\t\t\t\t\n            <div class=\"dmpro-carousel-child-wrapper\">\n                <div class=\"dmpro-image-wrap\"><span class=\"dmpro-carousel-image\">\n                    <img decoding=\"async\" src=\"http:\/\/testarea.schimm.net\/wp-content\/uploads\/2025\/04\/IBK_3141802.png\" alt=\"IBK Oberbeh\u00e4lter 6L Edelstahl\" >\n                <\/span><\/div>\n                \n\t\t\t   <div class=\"dmpro-carousel-item-content\">\n\t\t\t\t\t<h2 class=\"dmpro-carousel-item-title\">IBK Oberbeh\u00e4lter 6L Edelstahl<\/h2>\n\t\t\t\t\t\n\t\t\t\t\t<div class=\"dmpro-carousel-button-wrapper\">\n\t\t\t\t\t\t\n\t\t\t\t\t<\/div>\n\t\t\t\t<\/div>\n            <\/div>\n\t\t\t\t<\/div>\n\t\t\t<\/div><div class=\"et_pb_module et_d4_element dmpro_carousel_child dmpro_carousel_child_1\">\n\t\t\t\t\n\t\t\t\t\n\t\t\t\t\n\t\t\t\t\n\t\t\t\t\n\t\t\t\t\n\t\t\t\t<div class=\"et_pb_module_inner\">\n\t\t\t\t\t\n            <div class=\"dmpro-carousel-child-wrapper\">\n                <div class=\"dmpro-image-wrap\"><span class=\"dmpro-carousel-image\">\n                    <img decoding=\"async\" src=\"http:\/\/testarea.schimm.net\/wp-content\/uploads\/2025\/04\/IBK_3141810.png\" alt=\"IBK Oberbeh\u00e4lter 6L Kunststoff\" >\n                <\/span><\/div>\n                \n\t\t\t   <div class=\"dmpro-carousel-item-content\">\n\t\t\t\t\t<h2 class=\"dmpro-carousel-item-title\">IBK Oberbeh\u00e4lter 6L Kunststoff<\/h2>\n\t\t\t\t\t\n\t\t\t\t\t<div class=\"dmpro-carousel-button-wrapper\">\n\t\t\t\t\t\t\n\t\t\t\t\t<\/div>\n\t\t\t\t<\/div>\n            <\/div>\n\t\t\t\t<\/div>\n\t\t\t<\/div><div class=\"et_pb_module et_d4_element dmpro_carousel_child dmpro_carousel_child_2\">\n\t\t\t\t\n\t\t\t\t\n\t\t\t\t\n\t\t\t\t\n\t\t\t\t\n\t\t\t\t\n\t\t\t\t<div class=\"et_pb_module_inner\">\n\t\t\t\t\t\n            <div class=\"dmpro-carousel-child-wrapper\">\n                <div class=\"dmpro-image-wrap\"><span class=\"dmpro-carousel-image\">\n                    <img decoding=\"async\" src=\"http:\/\/testarea.schimm.net\/wp-content\/uploads\/2025\/04\/IBK_3141816.png\" alt=\"IBK Oberbeh\u00e4lter 6L + R\u00fchrwerk\" >\n                <\/span><\/div>\n                \n\t\t\t   <div class=\"dmpro-carousel-item-content\">\n\t\t\t\t\t<h2 class=\"dmpro-carousel-item-title\">IBK Oberbeh\u00e4lter 6L + R\u00fchrwerk<\/h2>\n\t\t\t\t\t\n\t\t\t\t\t<div class=\"dmpro-carousel-button-wrapper\">\n\t\t\t\t\t\t\n\t\t\t\t\t<\/div>\n\t\t\t\t<\/div>\n            <\/div>\n\t\t\t\t<\/div>\n\t\t\t<\/div><div class=\"et_pb_module et_d4_element dmpro_carousel_child dmpro_carousel_child_3\">\n\t\t\t\t\n\t\t\t\t\n\t\t\t\t\n\t\t\t\t\n\t\t\t\t\n\t\t\t\t\n\t\t\t\t<div class=\"et_pb_module_inner\">\n\t\t\t\t\t\n            <div class=\"dmpro-carousel-child-wrapper\">\n                <div class=\"dmpro-image-wrap\"><span class=\"dmpro-carousel-image\">\n                    <img decoding=\"async\" src=\"http:\/\/testarea.schimm.net\/wp-content\/uploads\/2025\/04\/IBK_3141846.png\" alt=\"IBK Oberbeh\u00e4lter 6L f\u00fcr H\u00e4rter\" >\n                <\/span><\/div>\n                \n\t\t\t   <div class=\"dmpro-carousel-item-content\">\n\t\t\t\t\t<h2 class=\"dmpro-carousel-item-title\">IBK Oberbeh\u00e4lter 6L f\u00fcr H\u00e4rter<\/h2>\n\t\t\t\t\t\n\t\t\t\t\t<div class=\"dmpro-carousel-button-wrapper\">\n\t\t\t\t\t\t\n\t\t\t\t\t<\/div>\n\t\t\t\t<\/div>\n            <\/div>\n\t\t\t\t<\/div>\n\t\t\t<\/div><div class=\"et_pb_module et_d4_element dmpro_carousel_child dmpro_carousel_child_4\">\n\t\t\t\t\n\t\t\t\t\n\t\t\t\t\n\t\t\t\t\n\t\t\t\t\n\t\t\t\t\n\t\t\t\t<div class=\"et_pb_module_inner\">\n\t\t\t\t\t\n            <div class=\"dmpro-carousel-child-wrapper\">\n                <div class=\"dmpro-image-wrap\"><span class=\"dmpro-carousel-image\">\n                    <img decoding=\"async\" src=\"http:\/\/testarea.schimm.net\/wp-content\/uploads\/2025\/04\/IBK_3141829.png\" alt=\"IBK Oberbeh\u00e4lter 25L Edelstahl\" >\n                <\/span><\/div>\n                \n\t\t\t   <div class=\"dmpro-carousel-item-content\">\n\t\t\t\t\t<h2 class=\"dmpro-carousel-item-title\">IBK Oberbeh\u00e4lter 25L Edelstahl<\/h2>\n\t\t\t\t\t\n\t\t\t\t\t<div class=\"dmpro-carousel-button-wrapper\">\n\t\t\t\t\t\t\n\t\t\t\t\t<\/div>\n\t\t\t\t<\/div>\n            <\/div>\n\t\t\t\t<\/div>\n\t\t\t<\/div><div class=\"et_pb_module et_d4_element dmpro_carousel_child dmpro_carousel_child_5\">\n\t\t\t\t\n\t\t\t\t\n\t\t\t\t\n\t\t\t\t\n\t\t\t\t\n\t\t\t\t\n\t\t\t\t<div class=\"et_pb_module_inner\">\n\t\t\t\t\t\n            <div class=\"dmpro-carousel-child-wrapper\">\n                <div class=\"dmpro-image-wrap\"><span class=\"dmpro-carousel-image\">\n                    <img decoding=\"async\" src=\"http:\/\/testarea.schimm.net\/wp-content\/uploads\/2025\/04\/IBK_1028010.png\" alt=\"IBK Selbstschlussventil f\u00fcr Oberbeh\u00e4lter\" >\n                <\/span><\/div>\n                \n\t\t\t   <div class=\"dmpro-carousel-item-content\">\n\t\t\t\t\t<h2 class=\"dmpro-carousel-item-title\">IBK Selbstschlussventil f\u00fcr Oberbeh\u00e4lter<\/h2>\n\t\t\t\t\t\n\t\t\t\t\t<div class=\"dmpro-carousel-button-wrapper\">\n\t\t\t\t\t\t\n\t\t\t\t\t<\/div>\n\t\t\t\t<\/div>\n            <\/div>\n\t\t\t\t<\/div>\n\t\t\t<\/div>\n                    <\/div>\n                <\/div>\n                <div class=\"swiper-pagination dmpro-sp0\"><\/div>\n            <\/div>\n\t\t\t\t<\/div>\n\t\t\t<\/div>\n\n\n\n<\/div>\n<\/div>\n<\/div>\n\n<div class=\"et_pb_section_2 et_pb_section et_section_regular et_block_section\">\n<div class=\"et_pb_row_2 et_pb_row et_block_row\">\n<div class=\"et_pb_column_2 et_pb_column et_pb_column_3_5 et_block_column et_pb_css_mix_blend_mode_passthrough\">\n<div class=\"et_pb_text_2 et_pb_text et_pb_bg_layout_light et_pb_module et_block_module\"><div class=\"et_pb_text_inner\"><h2>Product catalogue<\/h2>\n<p>Find out more about our high-quality spray equipment and a wide range of other components in our latest product catalogue. Be inspired by our extensive product range and find the ideal solution for your needs. Discover it now!<\/p>\n<\/div><\/div>\n<\/div>\n\n<div class=\"et_pb_column_3 et_pb_column et_pb_column_2_5 et-last-child et_block_column et_pb_css_mix_blend_mode_passthrough\">\n<div class=\"et_pb_image_0 et_pb_image et_pb_module et_block_module\"><span class=\"et_pb_image_wrap\"><img loading=\"lazy\" decoding=\"async\" src=\"https:\/\/testarea.schimm.net\/wp-content\/uploads\/2025\/01\/IBK_Katalog_Mockup.png\" width=\"500\" height=\"333\" srcset=\"https:\/\/testarea.schimm.net\/wp-content\/uploads\/2025\/01\/IBK_Katalog_Mockup.png 500w, https:\/\/testarea.schimm.net\/wp-content\/uploads\/2025\/01\/IBK_Katalog_Mockup-480x320.png 480w\" sizes=\"(min-width: 0px) and (max-width: 480px) 480px, (min-width: 481px) 500px, 100vw\" class=\"wp-image-498\" title=\"IBK_Katalog_Mockup\" \/><\/span><\/div>\n<\/div>\n<\/div>\n<\/div>\n\n<div class=\"et_pb_section_3 et_pb_section et_section_regular et_block_section\"><\/div>\n\n<div class=\"et_pb_section_4 et_pb_section et_section_regular et_block_section\">\n<div class=\"et_pb_row_3 et_pb_row et_block_row\">\n<div class=\"et_pb_column_4 et_pb_column et_pb_column_4_4 et-last-child et_block_column et_pb_css_mix_blend_mode_passthrough\">\n<div class=\"et_pb_text_3 et_pb_text et_pb_bg_layout_light et_pb_module et_block_module\"><div class=\"et_pb_text_inner\"><h2 class=\"p1\">3 good reasons to choose IBK<\/h2>\n<\/div><\/div>\n<\/div>\n<\/div>\n\n<div class=\"et_pb_row_4 et_pb_row et_block_row\">\n<div class=\"et_pb_column_5 et_pb_column et_pb_column_1_3 et_block_column et_pb_css_mix_blend_mode_passthrough\">\n<div class=\"et_pb_image_1 et_pb_image et_animated et_pb_module et_block_module\"><span class=\"et_pb_image_wrap\"><img loading=\"lazy\" decoding=\"async\" src=\"https:\/\/testarea.schimm.net\/wp-content\/uploads\/2026\/04\/1_IBK_reasons-1.png\" alt=\"IBK Bullet \u2013 Made in Germany\" title=\"IBK Bullet \u2013 Made in Germany\" width=\"500\" height=\"286\" srcset=\"https:\/\/testarea.schimm.net\/wp-content\/uploads\/2026\/04\/1_IBK_reasons-1.png 454w, https:\/\/testarea.schimm.net\/wp-content\/uploads\/2026\/04\/1_IBK_reasons-1-300x150.png 300w, https:\/\/testarea.schimm.net\/wp-content\/uploads\/2026\/04\/1_IBK_reasons-1-18x9.png 18w\" sizes=\"(min-width: 0px) and (max-width: 480px) 480px, (min-width: 481px) 500px, 100vw\" class=\"wp-image-916\" \/><\/span><\/div>\n<\/div>\n\n<div class=\"et_pb_column_6 et_pb_column et_pb_column_1_3 et_block_column et_pb_css_mix_blend_mode_passthrough\">\n<div class=\"et_pb_image_2 et_pb_image et_animated et_pb_module et_block_module\"><span class=\"et_pb_image_wrap\"><img loading=\"lazy\" decoding=\"async\" src=\"https:\/\/testarea.schimm.net\/wp-content\/uploads\/2026\/04\/2_IBK_reasons-1.png\" title=\"IBK_2_Grund\" width=\"500\" height=\"286\" srcset=\"https:\/\/testarea.schimm.net\/wp-content\/uploads\/2026\/04\/2_IBK_reasons-1.png 454w, https:\/\/testarea.schimm.net\/wp-content\/uploads\/2026\/04\/2_IBK_reasons-1-300x150.png 300w, https:\/\/testarea.schimm.net\/wp-content\/uploads\/2026\/04\/2_IBK_reasons-1-18x9.png 18w\" sizes=\"(min-width: 0px) and (max-width: 480px) 480px, (min-width: 481px) 500px, 100vw\" class=\"wp-image-96\" alt=\"IBK Bullet \u2013 VA Edelstahl\" \/><\/span><\/div>\n<\/div>\n\n<div class=\"et_pb_column_7 et_pb_column et_pb_column_1_3 et-last-child et_block_column et_pb_css_mix_blend_mode_passthrough\">\n<div class=\"et_pb_image_3 et_pb_image et_animated et_pb_module et_block_module\"><span class=\"et_pb_image_wrap\"><img loading=\"lazy\" decoding=\"async\" src=\"https:\/\/testarea.schimm.net\/wp-content\/uploads\/2026\/04\/3_IBK_reasons-1.png\" title=\"IBK_3_Grund\" width=\"500\" height=\"286\" srcset=\"https:\/\/testarea.schimm.net\/wp-content\/uploads\/2026\/04\/3_IBK_reasons-1.png 454w, https:\/\/testarea.schimm.net\/wp-content\/uploads\/2026\/04\/3_IBK_reasons-1-300x150.png 300w, https:\/\/testarea.schimm.net\/wp-content\/uploads\/2026\/04\/3_IBK_reasons-1-18x9.png 18w\" sizes=\"(min-width: 0px) and (max-width: 480px) 480px, (min-width: 481px) 500px, 100vw\" class=\"wp-image-97\" alt=\"IBK Bullet \u2013 Premium Service\" \/><\/span><\/div>\n<\/div>\n<\/div>\n\n\n<\/div>\n\n<div class=\"et_pb_section_5 et_pb_section et_section_regular et_block_section\"><\/div>\n\n<div class=\"et_pb_section_6 et_pb_section et_section_regular et_block_section\"><div class=\"et_pb_row_6 et_pb_row et_pb_row_4col et_block_row et_block_row_4col\"><div class=\"et_pb_column_10 et_pb_column et_pb_column_1_4 et_block_column et_pb_css_mix_blend_mode_passthrough\"><div class=\"et_pb_text_6 et_pb_text et_pb_bg_layout_light et_pb_module et_block_module\"><div class=\"et_pb_text_inner\"><p style=\"text-align: center;\">Terms and Conditions<\/p>\n<\/div><\/div><\/div><div class=\"et_pb_column_11 et_pb_column et_pb_column_1_4 et_block_column et_pb_css_mix_blend_mode_passthrough\"><div class=\"et_pb_text_7 et_pb_text et_pb_bg_layout_light et_clickable et_pb_module et_block_module\"><div class=\"et_pb_text_inner\"><p style=\"text-align: center;\">Legal Notice<\/p>\n<\/div><\/div><\/div><div class=\"et_pb_column_12 et_pb_column et_pb_column_1_4 et_block_column et_pb_css_mix_blend_mode_passthrough\"><div class=\"et_pb_text_8 et_pb_text et_pb_bg_layout_light et_pb_module et_block_module\"><div class=\"et_pb_text_inner\"><p style=\"text-align: center;\">Disclaimer<\/p>\n<\/div><\/div><\/div><div class=\"et_pb_column_13 et_pb_column et_pb_column_1_4 et-last-child et_block_column et_pb_css_mix_blend_mode_passthrough\"><div class=\"et_pb_text_9 et_pb_text et_pb_bg_layout_light et_clickable et_pb_module et_block_module\"><div class=\"et_pb_text_inner\"><p style=\"text-align: center;\">Data protection<\/p>\n<\/div><\/div><\/div><\/div><\/div>","protected":false},"excerpt":{"rendered":"","protected":false},"author":1,"featured_media":0,"parent":0,"menu_order":0,"comment_status":"closed","ping_status":"closed","template":"","meta":{"_et_pb_use_builder":"on","_et_pb_old_content":"","_et_gb_content_width":"","footnotes":""},"class_list":["post-540","page","type-page","status-publish","hentry"],"_links":{"self":[{"href":"http:\/\/testarea.schimm.net\/en\/wp-json\/wp\/v2\/pages\/540","targetHints":{"allow":["GET"]}}],"collection":[{"href":"http:\/\/testarea.schimm.net\/en\/wp-json\/wp\/v2\/pages"}],"about":[{"href":"http:\/\/testarea.schimm.net\/en\/wp-json\/wp\/v2\/types\/page"}],"author":[{"embeddable":true,"href":"http:\/\/testarea.schimm.net\/en\/wp-json\/wp\/v2\/users\/1"}],"replies":[{"embeddable":true,"href":"http:\/\/testarea.schimm.net\/en\/wp-json\/wp\/v2\/comments?post=540"}],"version-history":[{"count":11,"href":"http:\/\/testarea.schimm.net\/en\/wp-json\/wp\/v2\/pages\/540\/revisions"}],"predecessor-version":[{"id":1650,"href":"http:\/\/testarea.schimm.net\/en\/wp-json\/wp\/v2\/pages\/540\/revisions\/1650"}],"wp:attachment":[{"href":"http:\/\/testarea.schimm.net\/en\/wp-json\/wp\/v2\/media?parent=540"}],"curies":[{"name":"wp","href":"https:\/\/api.w.org\/{rel}","templated":true}]}}