{"id":1414,"date":"2026-04-06T12:12:19","date_gmt":"2026-04-06T10:12:19","guid":{"rendered":"https:\/\/testarea.schimm.net\/?page_id=1414"},"modified":"2026-04-06T12:14:49","modified_gmt":"2026-04-06T10:14:49","slug":"datenschutz","status":"publish","type":"page","link":"https:\/\/testarea.schimm.net\/en\/datenschutz\/","title":{"rendered":"Data protection"},"content":{"rendered":"<div class=\"et_pb_section_0 et_pb_section et_section_regular et_block_section\"><\/div>\n\n<div class=\"et_pb_section_1 et_pb_section et_section_regular et_block_section\">\n<div class=\"et_pb_row_0 et_pb_row et_block_row\">\n<div class=\"et_pb_column_0 et_pb_column et_pb_column_4_4 et-last-child et_block_column et_pb_css_mix_blend_mode_passthrough\">\n<div class=\"et_pb_text_0 et_pb_text et_pb_bg_layout_light et_pb_module et_block_module\"><div class=\"et_pb_text_inner\"><h2>Data protection<\/h2>\n<\/div><\/div>\n\n<div class=\"et_pb_text_1 et_pb_text et_pb_bg_layout_light et_pb_module et_block_module\"><div class=\"et_pb_text_inner\"><p><strong>1. Zust\u00e4ndig f\u00fcr Datenschutz<br \/><\/strong><span>Datenschutzbeauftragter<\/span><br \/><span>Am Leveloh 13, 45549 Sprockh\u00f6vel<\/span><br \/><span>info@ibk-technik.de<\/span><\/p>\n<p><strong>2. Zust\u00e4ndig f\u00fcr Datenschutz in Nordrhein-Westfalen<\/strong><br \/><span>Landesbeauftragte f\u00fcr Datenschutz und Informationsfreiheit Nordrhein-Westfalen<\/span><br \/><span>Kavalleriestr. 2-4, 40213 D\u00fcsseldorf<\/span><br \/><span>E-Mail: poststelle@ldi.nrw.de<\/span><br \/><span>Web:\u00a0<\/span><a href=\"https:\/\/www.ldi.nrw.de\/\" target=\"_blank\" class=\"IBK_Dkl\" rel=\"noopener\">https:\/\/www.ldi.nrw.de<\/a><\/p>\n<p><strong>3. Allgemeine Datenschutzerkl\u00e4rung<br \/><\/strong><span>Durch die Nutzung unserer Webseite erkl\u00e4ren Sie sich mit der Erhebung, Verarbeitung und Nutzung von Daten, wie folgt, einverstanden. Beim Besuch unserer Webseite werden Daten (siehe Punkt 4) anonymisiert gespeichert. Die Speicherung von Daten erfolgt auf\u00a0 unseren Systemen nach geltenden Datenschutzverordnungen. Die Weitergabe Ihrer Daten an mit uns zusammenarbeitende Spezialisten erfolgt ausdr\u00fccklich nur dann, wenn es f\u00fcr eine Angebotserstellung oder Auftragsdurchf\u00fchrung zwingend notwendig ist.\u00a0 Hierbei werden Kontaktdaten nur dann weitergegeben, wenn eine Waren- oder Produktlieferung direkt an Sie erfolgen soll oder Kalkulationen und Auftragsdurchf\u00fchrungen ohne diese Daten unm\u00f6glich w\u00e4re. Unter keinen Umst\u00e4nden geben wir Ihre Daten an\u00a0 Werbe- oder Datenagenturen weiter. Ihre Daten werden von maximal 3 Personen intern bearbeitet. Wir weisend darauf hin, dass wir zur Datenspeicherung keine Cloud-Dienste verwenden und Ihre Daten nur lokal gespeichert werden; insofern Sie uns eine E-Mail\u00a0 schicken, wird diese auf IMAP E-Mail Konten zwischengespeichert. Die Daten\u00fcbertragung auf unseren Webseiten und E-Mail Konten erfolgt ausschlie\u00dflich verschl\u00fcsselt. Grundlage zur Datenverarbeitung ist Art. 6, Abs. 1 der DSGVO, die die Verarbeitung zur\u00a0 Auftragsbearbeitung und -abwicklung gestattet. Die Verarbeitung von Eingaben in unser Kontaktformular basiert auf Ihrer Einwilligung, welche Sie jederzeit widerrufen k\u00f6nnen (siehe Punkt 5).<\/span><\/p>\n<p><strong>4. Datenerhebung<\/strong><br \/><span>Beim Besuch unserer Webseiten werden anonymisierte Daten (Datum, Uhrzeit, verwendeter Browser, Betriebssystem, evtl. IP-Adresse, besuchte Webseiten, aufgerufene Dateien) in Server-Log-Dateien von unserem Provider gespeichert. Diese Daten lassen\u00a0 keine R\u00fcckschl\u00fcsse auf Ihre Person zu. Personenbezogene Daten, insbesondere Name, Adresse, E-Mail-Adresse und Telefonnummer werden nur dann gespeichert, wenn Sie unser Kontaktformular benutzen und bei uns nach geltenden Datenschutzrichtlinien\u00a0 gespeichert. Sollte keine Gesch\u00e4ftsbeziehung zustande kommen, werden Ihre Daten von uns innerhalb von 4 Wochen gel\u00f6scht.<\/span><\/p>\n<p><strong>5. Ihre Rechte<br \/><\/strong><span>Sie haben jederzeit Anspruch auf kostenfreie Einsicht ihres Datenbestandes, Berichtigung und L\u00f6schung aller von Ihnen gespeicherten Daten, insofern diese nicht f\u00fcr unsere Buchhaltung, basierend auf geltendem Steuerrecht, gespeichert werden m\u00fcssen. Wir\u00a0 weisen darauf hin, dass ihre Daten nur zum Zweck der Kontaktaufnahme, Rechnungsstellung und Buchhaltung (Steuerrecht) gespeichert werden. Kommt keine Gesch\u00e4ftsbeziehung zustande, werden ihre Daten sp\u00e4testens nach einem Monat, unabh\u00e4ngig von ihrem\u00a0 Einverst\u00e4ndnis, von uns gel\u00f6scht.<\/span><\/p>\n<p><strong>6. Cookies<br \/><\/strong><span>Unsere Webseite verwendet teilweise Cookies. Cookies sind Textdateien, die es erm\u00f6glichen, auf dem Endger\u00e4t des Nutzers spezifische Informationen zu speichern, um die Funktion bestimmter interaktiver Elemente zu erm\u00f6glichen. Cookies erm\u00f6glichen es, die\u00a0 Nutzungsh\u00e4ufigkeit einzelner Webseiten zu ermitteln, das Verhalten der Nutzung zu analysieren, aber auch unsere Webseite bedienfreundlicher zu gestalten. Cookies werden je nach individueller Einstellung auch nach dem Schlie\u00dfen ihres Browsers gespeichert und\u00a0 bei einem erneuten Seitenbesuch wieder aufgerufen. Sie k\u00f6nnen in ihrem Browser die Annahme und Verwendung von Cookies einstellen und auch ganz unterbinden. Bitte informieren Sie sich bei dem entsprechenden Softwareanbieter ihres Browsers, wie Sie diese\u00a0 Einstellungen ver\u00e4ndern k\u00f6nnen. Eine Manipulation ihrer Einstellungen durch uns ist nicht m\u00f6glich.<\/span><\/p>\n<p>&nbsp;<\/p>\n<\/div><\/div>\n<\/div>\n<\/div>\n<\/div>\n\n<div class=\"et_pb_section_2 et_pb_section et_section_regular et_block_section\"><\/div>\n\n<div class=\"et_pb_section_3 et_pb_section et_section_regular et_block_section\"><div class=\"et_pb_row_1 et_pb_row et_pb_row_4col et_block_row et_block_row_4col\"><div class=\"et_pb_column_1 et_pb_column et_pb_column_1_4 et_block_column et_pb_css_mix_blend_mode_passthrough\"><div class=\"et_pb_text_2 et_pb_text et_pb_bg_layout_light et_pb_module et_block_module\"><div class=\"et_pb_text_inner\"><p style=\"text-align: center;\">Terms and Conditions<\/p>\n<\/div><\/div><\/div><div class=\"et_pb_column_2 et_pb_column et_pb_column_1_4 et_block_column et_pb_css_mix_blend_mode_passthrough\"><div class=\"et_pb_text_3 et_pb_text et_pb_bg_layout_light et_clickable et_pb_module et_block_module\"><div class=\"et_pb_text_inner\"><p style=\"text-align: center;\">Legal Notice<\/p>\n<\/div><\/div><\/div><div class=\"et_pb_column_3 et_pb_column et_pb_column_1_4 et_block_column et_pb_css_mix_blend_mode_passthrough\"><div class=\"et_pb_text_4 et_pb_text et_pb_bg_layout_light et_pb_module et_block_module\"><div class=\"et_pb_text_inner\"><p style=\"text-align: center;\">Disclaimer<\/p>\n<\/div><\/div><\/div><div class=\"et_pb_column_4 et_pb_column et_pb_column_1_4 et-last-child et_block_column et_pb_css_mix_blend_mode_passthrough\"><div class=\"et_pb_text_5 et_pb_text et_pb_bg_layout_light et_clickable et_pb_module et_block_module\"><div class=\"et_pb_text_inner\"><p style=\"text-align: center;\">Data protection<\/p>\n<\/div><\/div><\/div><\/div><\/div>","protected":false},"excerpt":{"rendered":"","protected":false},"author":1,"featured_media":0,"parent":0,"menu_order":0,"comment_status":"closed","ping_status":"closed","template":"","meta":{"footnotes":""},"class_list":["post-1414","page","type-page","status-publish","hentry"],"_links":{"self":[{"href":"https:\/\/testarea.schimm.net\/en\/wp-json\/wp\/v2\/pages\/1414","targetHints":{"allow":["GET"]}}],"collection":[{"href":"https:\/\/testarea.schimm.net\/en\/wp-json\/wp\/v2\/pages"}],"about":[{"href":"https:\/\/testarea.schimm.net\/en\/wp-json\/wp\/v2\/types\/page"}],"author":[{"embeddable":true,"href":"https:\/\/testarea.schimm.net\/en\/wp-json\/wp\/v2\/users\/1"}],"replies":[{"embeddable":true,"href":"https:\/\/testarea.schimm.net\/en\/wp-json\/wp\/v2\/comments?post=1414"}],"version-history":[{"count":4,"href":"https:\/\/testarea.schimm.net\/en\/wp-json\/wp\/v2\/pages\/1414\/revisions"}],"predecessor-version":[{"id":1629,"href":"https:\/\/testarea.schimm.net\/en\/wp-json\/wp\/v2\/pages\/1414\/revisions\/1629"}],"wp:attachment":[{"href":"https:\/\/testarea.schimm.net\/en\/wp-json\/wp\/v2\/media?parent=1414"}],"curies":[{"name":"wp","href":"https:\/\/api.w.org\/{rel}","templated":true}]}}